{"id":34,"date":"2020-03-12T22:52:50","date_gmt":"2020-03-12T22:52:50","guid":{"rendered":"http:\/\/www.malasartesanales.com\/?page_id=34"},"modified":"2021-07-27T23:23:00","modified_gmt":"2021-07-27T23:23:00","slug":"quien-somos","status":"publish","type":"page","link":"https:\/\/malasartesanales.com\/index.php\/quien-somos\/","title":{"rendered":"Balance: productos con prop\u00f3sito"},"content":{"rendered":"<p>Filosof\u00eda Balance<\/p>\n<p><b>\u00abAma lo que haces y hazlo en su plenitud\u00bb. Dalai Lama<\/b><\/p>\n<p>Donde nace Balance? Este camino\u00a0empez\u00f3 despu\u00e9s de haber dejado atr\u00e1s todo lo que sab\u00eda, me abr\u00ed y abrac\u00e9\u00a0 la vida espiritual de una manera que nunca lo hab\u00eda hecho antes. Me alej\u00e9 de todo lo que sent\u00eda seguro, amigos, familia, trabajo, mi pa\u00eds que me vio nacer. Empec\u00e9 a meditar m\u00e1s y sentir en lo profundo de mi ser, esa certeza que estaba en el camino correcto. Empec\u00e9 a fluir, a confiar, a creer y eso, me llev\u00f3 a crear.<\/p>\n<p>Lo primero que cre\u00e9 fueron las japa malas, empec\u00e9 con las de 108 cuentas. Sent\u00eda la energ\u00eda de cada una, eso fue mi gu\u00eda para poder hacerlas,\u00a0buscaba que fueran diferentes unas de otras. Hasta la fecha, contin\u00fao haci\u00e9ndolas as\u00ed, sintiendo qu\u00e9 elementos quiere que lleve, y, al terminarlas,\u00a0 siempre me llena de alegr\u00eda verlas.\u00a0Despu\u00e9s de un tiempo de hacer las de\u00a0108 cuentas, empec\u00e9 a hacer las pulseras de 27 cuentas, las cuales trabajo con la misma alegr\u00eda e intenci\u00f3n.<\/p>\n<p>Las pulseras y collares malas que se hacen, tienen la intenci\u00f3n que sean \u00fatiles para todos. Se pueden usar para contar mantras durante la meditaci\u00f3n, usarlas como s\u00edmbolo de compasi\u00f3n, como un talism\u00e1n o como un apoyo energ\u00e9tico.\u00a0 Me gusta hacerlas con cuentas de madera. En lo personal, la madera representa la humildad y cuando meditamos, debemos despojarnos del ego, y buscar nuestra esencia, con humildad y gratitud.<\/p>\n<p>Con el tiempo, empec\u00e9 a trabajar con cuarzos y piedras naturales y es ah\u00ed donde nacen las primeras pulseras, las de 7 chakras. Un tiempo despu\u00e9s, puedo decir que las ideas e intenciones de las pulseras Balance,\u00a0 se han expandido, ahora la gama es bastante amplia.<\/p>\n<p>Gracias infinitas por tu presencia, gracias por usar Balance para armonizar tu Ser, ten por seguro, que cada pulsera est\u00e1 hecha con mucho amor, trabajada como mandan las ense\u00f1anzas antiguas para que pueda hacer su trabajo en ti y acompa\u00f1arte en tu camino.<\/p>\n<p>Que siempre tengas paz, alegr\u00eda y amor en tu Ser, que la bendici\u00f3n sea infinita para ti y los tuyos.<\/p>\n<p>Namaste,<\/p>\n<p>Merche<\/p>\n<p>\u00a0<\/p>\n<div>\u00a0<\/div>\n\n\n<figure class=\"wp-block-image size-large is-resized\"><a href=\"https:\/\/www.malasartesanales.com\/wp-content\/uploads\/2021\/03\/IMG_5332-scaled.jpeg\"><img loading=\"lazy\" src=\"https:\/\/www.malasartesanales.com\/wp-content\/uploads\/2021\/03\/IMG_5332-764x1024.jpeg\" alt=\"\" class=\"wp-image-735\" width=\"619\" height=\"830\" srcset=\"https:\/\/malasartesanales.com\/wp-content\/uploads\/2021\/03\/IMG_5332-764x1024.jpeg 764w, https:\/\/malasartesanales.com\/wp-content\/uploads\/2021\/03\/IMG_5332-224x300.jpeg 224w, https:\/\/malasartesanales.com\/wp-content\/uploads\/2021\/03\/IMG_5332-768x1029.jpeg 768w, https:\/\/malasartesanales.com\/wp-content\/uploads\/2021\/03\/IMG_5332-1146x1536.jpeg 1146w, https:\/\/malasartesanales.com\/wp-content\/uploads\/2021\/03\/IMG_5332-1528x2048.jpeg 1528w, https:\/\/malasartesanales.com\/wp-content\/uploads\/2021\/03\/IMG_5332-scaled.jpeg 1910w\" sizes=\"(max-width: 619px) 100vw, 619px\" \/><\/a><figcaption>Japa mala con cuentas de cuarzo rosa<\/figcaption><\/figure>\n\n\n\n<figure class=\"wp-block-image size-large is-resized\"><a href=\"https:\/\/www.malasartesanales.com\/wp-content\/uploads\/2021\/03\/7-chakras-hilo-delgado-e-hilo-grueso.jpeg\"><img loading=\"lazy\" src=\"https:\/\/www.malasartesanales.com\/wp-content\/uploads\/2021\/03\/7-chakras-hilo-delgado-e-hilo-grueso-1024x586.jpeg\" alt=\"\" class=\"wp-image-737\" width=\"625\" height=\"357\" srcset=\"https:\/\/malasartesanales.com\/wp-content\/uploads\/2021\/03\/7-chakras-hilo-delgado-e-hilo-grueso-1024x586.jpeg 1024w, https:\/\/malasartesanales.com\/wp-content\/uploads\/2021\/03\/7-chakras-hilo-delgado-e-hilo-grueso-300x172.jpeg 300w, https:\/\/malasartesanales.com\/wp-content\/uploads\/2021\/03\/7-chakras-hilo-delgado-e-hilo-grueso-768x440.jpeg 768w, https:\/\/malasartesanales.com\/wp-content\/uploads\/2021\/03\/7-chakras-hilo-delgado-e-hilo-grueso.jpeg 1242w\" sizes=\"(max-width: 625px) 100vw, 625px\" \/><\/a><figcaption>Pulseras 7 chakras<\/figcaption><\/figure>\n","protected":false},"excerpt":{"rendered":"<p>Filosof\u00eda Balance \u00abAma lo que haces y hazlo en su plenitud\u00bb. Dalai Lama Donde nace Balance? Este camino\u00a0empez\u00f3 despu\u00e9s de haber dejado atr\u00e1s todo lo que sab\u00eda, me abr\u00ed y abrac\u00e9\u00a0 la vida espiritual de una manera que nunca lo hab\u00eda hecho antes. Me alej\u00e9 de todo lo que sent\u00eda seguro, amigos, familia, trabajo, mi &hellip; <a href=\"https:\/\/malasartesanales.com\/index.php\/quien-somos\/\" class=\"more-link\">Seguir leyendo <span class=\"screen-reader-text\">Balance: productos con prop\u00f3sito<\/span> <span class=\"meta-nav\">&rarr;<\/span><\/a><\/p>\n","protected":false},"author":2,"featured_media":0,"parent":0,"menu_order":0,"comment_status":"closed","ping_status":"closed","template":"","meta":[],"_links":{"self":[{"href":"https:\/\/malasartesanales.com\/index.php\/wp-json\/wp\/v2\/pages\/34"}],"collection":[{"href":"https:\/\/malasartesanales.com\/index.php\/wp-json\/wp\/v2\/pages"}],"about":[{"href":"https:\/\/malasartesanales.com\/index.php\/wp-json\/wp\/v2\/types\/page"}],"author":[{"embeddable":true,"href":"https:\/\/malasartesanales.com\/index.php\/wp-json\/wp\/v2\/users\/2"}],"replies":[{"embeddable":true,"href":"https:\/\/malasartesanales.com\/index.php\/wp-json\/wp\/v2\/comments?post=34"}],"version-history":[{"count":11,"href":"https:\/\/malasartesanales.com\/index.php\/wp-json\/wp\/v2\/pages\/34\/revisions"}],"predecessor-version":[{"id":824,"href":"https:\/\/malasartesanales.com\/index.php\/wp-json\/wp\/v2\/pages\/34\/revisions\/824"}],"wp:attachment":[{"href":"https:\/\/malasartesanales.com\/index.php\/wp-json\/wp\/v2\/media?parent=34"}],"curies":[{"name":"wp","href":"https:\/\/api.w.org\/{rel}","templated":true}]}}