{"id":2,"date":"2020-01-01T22:12:43","date_gmt":"2020-01-01T22:12:43","guid":{"rendered":"http:\/\/www.malasartesanales.com\/?page_id=2"},"modified":"2021-07-27T23:09:06","modified_gmt":"2021-07-27T23:09:06","slug":"pagina-ejemplo","status":"publish","type":"page","link":"https:\/\/malasartesanales.com\/","title":{"rendered":"Meditaci\u00f3n"},"content":{"rendered":"<p><a href=\"https:\/\/malasartesanales.com\/wp-content\/uploads\/2015\/09\/japa_malas_artesanales_joyeria_alma_pulseras_collares_meditacion_armonia.jpg\"><img loading=\"lazy\" class=\"aligncenter wp-image-372 size-full\" src=\"https:\/\/malasartesanales.com\/wp-content\/uploads\/2015\/09\/japa_malas_artesanales_joyeria_alma_pulseras_collares_meditacion_armonia.jpg\" alt=\"\" width=\"624\" height=\"130\" srcset=\"https:\/\/malasartesanales.com\/wp-content\/uploads\/2015\/09\/japa_malas_artesanales_joyeria_alma_pulseras_collares_meditacion_armonia.jpg 624w, https:\/\/malasartesanales.com\/wp-content\/uploads\/2015\/09\/japa_malas_artesanales_joyeria_alma_pulseras_collares_meditacion_armonia-300x63.jpg 300w\" sizes=\"(max-width: 624px) 100vw, 624px\" \/><\/a><\/p>\n<p style=\"text-align: justify;\">Por qu\u00e9 meditar?<\/p>\n<p style=\"text-align: justify;\"><img loading=\"lazy\" class=\"alignright wp-image-374 \" src=\"https:\/\/malasartesanales.com\/wp-content\/uploads\/2015\/09\/buda_malas_meditacion_alegria_armonia_espiritual.jpg\" alt=\"\" width=\"258\" height=\"197\" srcset=\"https:\/\/malasartesanales.com\/wp-content\/uploads\/2015\/09\/buda_malas_meditacion_alegria_armonia_espiritual.jpg 986w, https:\/\/malasartesanales.com\/wp-content\/uploads\/2015\/09\/buda_malas_meditacion_alegria_armonia_espiritual-300x228.jpg 300w\" sizes=\"(max-width: 258px) 100vw, 258px\" \/>Muchas personas creen que la meditaci\u00f3n es una v\u00eda para la relajaci\u00f3n, no voy a decir que no lo sea, pero si te dir\u00e9 que la meditaci\u00f3n es mucho m\u00e1s que eso, la meditaci\u00f3n, es un estado del ser. Si haces una meditaci\u00f3n constante, sentir\u00e1s muchos cambios en tu vida, porque esta pr\u00e1ctica permite\u00a0que tu energ\u00eda esencial fluya en ti.<\/p>\n<p style=\"text-align: justify;\">La meditaci\u00f3n nos ayuda a soltar esos pensamientos constantes, par\u00e1sitos que est\u00e1n en nuestra mente que muchas veces lo \u00fanico que hacen es bullicio en nosotros, pero que nos perjudican de forma mental, f\u00edsica y emocional. Es por medio de la meditaci\u00f3n que aprendes a soltar y dejar ir esos pensamientos para traer a tu mente, silencio.<\/p>\n<p style=\"text-align: justify;\"><a href=\"https:\/\/malasartesanales.com\/wp-content\/uploads\/2015\/09\/japa_malas_artesanales_collares_pulseras_meditacion_armonia_alegria02.jpg\"><img loading=\"lazy\" class=\"aligncenter size-full wp-image-379\" src=\"https:\/\/malasartesanales.com\/wp-content\/uploads\/2015\/09\/japa_malas_artesanales_collares_pulseras_meditacion_armonia_alegria02.jpg\" alt=\"japa_malas_artesanales_collares_pulseras_meditacion_armonia_alegria02\" width=\"853\" height=\"443\" srcset=\"https:\/\/malasartesanales.com\/wp-content\/uploads\/2015\/09\/japa_malas_artesanales_collares_pulseras_meditacion_armonia_alegria02.jpg 853w, https:\/\/malasartesanales.com\/wp-content\/uploads\/2015\/09\/japa_malas_artesanales_collares_pulseras_meditacion_armonia_alegria02-300x156.jpg 300w\" sizes=\"(max-width: 853px) 100vw, 853px\" \/><\/a><\/p>\n<p style=\"text-align: justify;\">Olv\u00eddate de poner en pr\u00e1ctica la postura perfecta o el conteo de la respiraci\u00f3n, encuentra tu propio espacio, tu propia postura y tu propio ritmo de respiraci\u00f3n, pero no ocupes tu mente en ello que lo \u00fanico que conseguir\u00e1s ser\u00e1 desesperarte y encontrar nada placentera la meditaci\u00f3n. Eso si, es importante encontrar un lugar en tu hogar donde puedas meditar sin interrupciones. No te preocupes por el tiempo, lib\u00e9rate de eso y vive la experiencia del no tiempo, mientras meditas.<\/p>\n<p style=\"text-align: justify;\">No digas que no puedes meditar, mejor int\u00e9ntalo, cada d\u00eda un ratito hasta que se te haga una costumbre y de ah\u00ed pase a ser una necesidad en tu diario vivir. El mala te\u00a0acompa\u00f1ar\u00e1 para empezar a adentrarte en este maravilloso mundo de la meditaci\u00f3n.<\/p>\n<p style=\"text-align: justify;\">Recuerda que el l\u00edmite lo pone tu mente, no tu ser verdadero.<\/p>\n<p style=\"text-align: justify;\">Que tengas un hermoso d\u00eda, lleno de paz, luz, alegr\u00eda y amor.<\/p>\n<p style=\"text-align: justify;\">Bendiciones para ti y los que caminan a tu lado, en \u00e9sta hermosa vida.<\/p>\n<p style=\"text-align: justify;\">Namast\u00e9<\/p>\n<p style=\"text-align: justify;\">Merche<br \/>\njapa malas, pulseras y collares espirituales y artesanales<\/p>\n<p style=\"text-align: justify;\"><a href=\"https:\/\/malasartesanales.com\/wp-content\/uploads\/2015\/09\/meditaci\u00f3n.jpeg\"><img loading=\"lazy\" class=\"alignnone size-full wp-image-8\" src=\"https:\/\/malasartesanales.com\/wp-content\/uploads\/2015\/09\/meditaci\u00f3n.jpeg\" alt=\"meditaci\u00f3n\" width=\"470\" height=\"313\" srcset=\"https:\/\/malasartesanales.com\/wp-content\/uploads\/2015\/09\/meditaci\u00f3n.jpeg 470w, https:\/\/malasartesanales.com\/wp-content\/uploads\/2015\/09\/meditaci\u00f3n-300x200.jpeg 300w\" sizes=\"(max-width: 470px) 100vw, 470px\" \/><\/a><\/p>\n","protected":false},"excerpt":{"rendered":"<p>Por qu\u00e9 meditar? Muchas personas creen que la meditaci\u00f3n es una v\u00eda para la relajaci\u00f3n, no voy a decir que no lo sea, pero si te dir\u00e9 que la meditaci\u00f3n es mucho m\u00e1s que eso, la meditaci\u00f3n, es un estado del ser. Si haces una meditaci\u00f3n constante, sentir\u00e1s muchos cambios en tu vida, porque esta &hellip; <a href=\"https:\/\/malasartesanales.com\/\" class=\"more-link\">Seguir leyendo <span class=\"screen-reader-text\">Meditaci\u00f3n<\/span> <span class=\"meta-nav\">&rarr;<\/span><\/a><\/p>\n","protected":false},"author":2,"featured_media":0,"parent":0,"menu_order":0,"comment_status":"open","ping_status":"open","template":"","meta":[],"_links":{"self":[{"href":"https:\/\/malasartesanales.com\/index.php\/wp-json\/wp\/v2\/pages\/2"}],"collection":[{"href":"https:\/\/malasartesanales.com\/index.php\/wp-json\/wp\/v2\/pages"}],"about":[{"href":"https:\/\/malasartesanales.com\/index.php\/wp-json\/wp\/v2\/types\/page"}],"author":[{"embeddable":true,"href":"https:\/\/malasartesanales.com\/index.php\/wp-json\/wp\/v2\/users\/2"}],"replies":[{"embeddable":true,"href":"https:\/\/malasartesanales.com\/index.php\/wp-json\/wp\/v2\/comments?post=2"}],"version-history":[{"count":18,"href":"https:\/\/malasartesanales.com\/index.php\/wp-json\/wp\/v2\/pages\/2\/revisions"}],"predecessor-version":[{"id":823,"href":"https:\/\/malasartesanales.com\/index.php\/wp-json\/wp\/v2\/pages\/2\/revisions\/823"}],"wp:attachment":[{"href":"https:\/\/malasartesanales.com\/index.php\/wp-json\/wp\/v2\/media?parent=2"}],"curies":[{"name":"wp","href":"https:\/\/api.w.org\/{rel}","templated":true}]}}